{"id":311,"date":"2023-06-27T06:11:54","date_gmt":"2023-06-27T06:11:54","guid":{"rendered":"https:\/\/pelsofish.hu\/halfeldolgozas\/"},"modified":"2023-10-26T12:19:33","modified_gmt":"2023-10-26T12:19:33","slug":"betrieb-der-verarbeitingbetriebs","status":"publish","type":"page","link":"https:\/\/pelsofish.hu\/de\/betrieb-der-verarbeitingbetriebs\/","title":{"rendered":"Betrieb des Verarbeitungbetriebs"},"content":{"rendered":"<div id='full_slider_1'  class='avia-fullwidth-slider main_color avia-shadow   avia-builder-el-0  el_before_av_section  avia-builder-el-first   container_wrap fullsize'  ><div  class='avia-slideshow av-ljdw3kr3-b2fb8f37548715b2839ede31e85aaec2 avia-slideshow-no scaling av_slideshow_full avia-slide-slider av-slideshow-ui av-control-default av-slideshow-manual av-loop-once av-loop-manual-endless av-default-height-applied   avia-slideshow-1' data-slideshow-options=\"{&quot;animation&quot;:&quot;slide&quot;,&quot;autoplay&quot;:false,&quot;loop_autoplay&quot;:&quot;once&quot;,&quot;interval&quot;:5,&quot;loop_manual&quot;:&quot;manual-endless&quot;,&quot;autoplay_stopper&quot;:false,&quot;noNavigation&quot;:false,&quot;bg_slider&quot;:false,&quot;keep_padding&quot;:false,&quot;hoverpause&quot;:false,&quot;show_slide_delay&quot;:0}\"  itemprop=\"image\" itemscope=\"itemscope\" itemtype=\"https:\/\/schema.org\/ImageObject\" ><ul class='avia-slideshow-inner ' style='padding-bottom: 42.03125%;'><li  class='avia-slideshow-slide av-ljdw3kr3-b2fb8f37548715b2839ede31e85aaec2__0  av-single-slide slide-1 slide-odd'><div data-rel='slideshow-1' class='avia-slide-wrap '   ><img decoding=\"async\" class=\"wp-image-522 avia-img-lazy-loading-not-522\"  src=\"https:\/\/pelsofish.hu\/wp-content\/uploads\/2023\/10\/2.jpg\" width=\"2560\" height=\"1076\" title='2' alt=''  itemprop=\"thumbnailUrl\" srcset=\"https:\/\/pelsofish.hu\/wp-content\/uploads\/2023\/10\/2.jpg 2560w, https:\/\/pelsofish.hu\/wp-content\/uploads\/2023\/10\/2-300x126.jpg 300w, https:\/\/pelsofish.hu\/wp-content\/uploads\/2023\/10\/2-1030x433.jpg 1030w, https:\/\/pelsofish.hu\/wp-content\/uploads\/2023\/10\/2-768x323.jpg 768w, https:\/\/pelsofish.hu\/wp-content\/uploads\/2023\/10\/2-1536x646.jpg 1536w, https:\/\/pelsofish.hu\/wp-content\/uploads\/2023\/10\/2-2048x861.jpg 2048w, https:\/\/pelsofish.hu\/wp-content\/uploads\/2023\/10\/2-1500x630.jpg 1500w, https:\/\/pelsofish.hu\/wp-content\/uploads\/2023\/10\/2-705x296.jpg 705w\" sizes=\"(max-width: 2560px) 100vw, 2560px\" \/><\/div><\/li><\/ul><\/div><\/div>\n<div id='av_section_1'  class='avia-section av-2yikw7-2c0934b6305910ae55db5b85b7fb4533 main_color avia-section-default avia-no-border-styling  avia-builder-el-1  el_after_av_slideshow_full  avia-builder-el-last  avia-bg-style-scroll container_wrap fullsize'  ><div class='container av-section-cont-open' ><div class='template-page content  av-content-full alpha units'><div class='post-entry post-entry-type-page post-entry-311'><div class='entry-content-wrapper clearfix'>\n<div class='flex_column av-2pv68v-9f75624e37c432b9c5ce9e4b45b75ec4 av_one_full  avia-builder-el-2  el_before_av_one_half  avia-builder-el-first  first flex_column_div '     ><p>\n<style type=\"text\/css\" data-created_by=\"avia_inline_auto\" id=\"style-css-av-ljdw3fkf-454bdc415275cf3549e738957073b6bf\">\n#top .av-special-heading.av-ljdw3fkf-454bdc415275cf3549e738957073b6bf{\npadding-bottom:10px;\n}\nbody .av-special-heading.av-ljdw3fkf-454bdc415275cf3549e738957073b6bf .av-special-heading-tag .heading-char{\nfont-size:25px;\n}\n.av-special-heading.av-ljdw3fkf-454bdc415275cf3549e738957073b6bf .av-subheading{\nfont-size:15px;\n}\n<\/style>\n<div  class='av-special-heading av-ljdw3fkf-454bdc415275cf3549e738957073b6bf av-special-heading-h1 blockquote modern-quote modern-centered  avia-builder-el-3  el_before_av_hr  avia-builder-el-first '><h1 class='av-special-heading-tag'  itemprop=\"headline\"  >Betrieb des Verarbeitungbetriebs<\/h1><div class=\"special-heading-border\"><div class=\"special-heading-inner-border\"><\/div><\/div><\/div><br \/>\n\n<style type=\"text\/css\" data-created_by=\"avia_inline_auto\" id=\"style-css-av-2kk2m7-9cf844d4dff8d1cfd41f200bc9f74dbe\">\n#top .hr.hr-invisible.av-2kk2m7-9cf844d4dff8d1cfd41f200bc9f74dbe{\nheight:20px;\n}\n<\/style>\n<div  class='hr av-2kk2m7-9cf844d4dff8d1cfd41f200bc9f74dbe hr-invisible  avia-builder-el-4  el_after_av_heading  el_before_av_image '><span class='hr-inner '><span class=\"hr-inner-style\"><\/span><\/span><\/div><br \/>\n\n<style type=\"text\/css\" data-created_by=\"avia_inline_auto\" id=\"style-css-av-2fct3r-52bf54e11091a243fec134998072d496\">\n.avia-image-container.av-2fct3r-52bf54e11091a243fec134998072d496 img.avia_image{\nbox-shadow:none;\n}\n.avia-image-container.av-2fct3r-52bf54e11091a243fec134998072d496 .av-image-caption-overlay-center{\ncolor:#ffffff;\n}\n<\/style>\n<div  class='avia-image-container av-2fct3r-52bf54e11091a243fec134998072d496 av-styling- avia-align-center  avia-builder-el-5  el_after_av_hr  el_before_av_hr '   itemprop=\"image\" itemscope=\"itemscope\" itemtype=\"https:\/\/schema.org\/ImageObject\" ><div class=\"avia-image-container-inner\"><div class=\"avia-image-overlay-wrap\"><img decoding=\"async\" class='wp-image-276 avia-img-lazy-loading-not-276 avia_image ' src=\"https:\/\/pelsofish.hu\/wp-content\/uploads\/2022\/12\/halelvalaszto-300x18.png\" alt='' title=''  height=\"18\" width=\"300\"  itemprop=\"thumbnailUrl\" srcset=\"https:\/\/pelsofish.hu\/wp-content\/uploads\/2022\/12\/halelvalaszto-300x18.png 300w, https:\/\/pelsofish.hu\/wp-content\/uploads\/2022\/12\/halelvalaszto-768x46.png 768w, https:\/\/pelsofish.hu\/wp-content\/uploads\/2022\/12\/halelvalaszto-705x43.png 705w, https:\/\/pelsofish.hu\/wp-content\/uploads\/2022\/12\/halelvalaszto.png 795w\" sizes=\"(max-width: 300px) 100vw, 300px\" \/><\/div><\/div><\/div><br \/>\n\n<style type=\"text\/css\" data-created_by=\"avia_inline_auto\" id=\"style-css-av-29pntz-535a46c086c3fcdc751518bf39daaeff\">\n#top .hr.hr-invisible.av-29pntz-535a46c086c3fcdc751518bf39daaeff{\nheight:20px;\n}\n<\/style>\n<div  class='hr av-29pntz-535a46c086c3fcdc751518bf39daaeff hr-invisible  avia-builder-el-6  el_after_av_image  el_before_av_textblock '><span class='hr-inner '><span class=\"hr-inner-style\"><\/span><\/span><\/div><br \/>\n<section  class='av_textblock_section av-ljdw47md-e3a711d5c6f1bb307906abd2d31b6ba8'  itemscope=\"itemscope\" itemtype=\"https:\/\/schema.org\/CreativeWork\" ><div class='avia_textblock'  itemprop=\"text\" ><p>Wie hoch ist der Anteil an verarbeitetem Fisch in den Endprodukten der Produktionsanlage? Wie funktioniert der Prozess, wie kommt er auf unseren Tisch? Was sind unsere alternativen Verwendungsm\u00f6glichkeiten?<\/p>\n<p>In unserem Fischverarbeitungsbetrieb werden frische und tiefgefrorene Fischprodukte (vor allem Filets und Gr\u00e4ten) mit modernsten technologischen Methoden, gr\u00f6\u00dftenteils mechanisiert, minimalem menschlichem Eingriff hergestellt. Der Schwerpunkt unseres Sortiments liegt auf Afrikanischem Wels, der bei uns in der angrenzenden Fabrikhalle produziert wird, so dass wir ohne Zugangsschwierigkeiten p\u00fcnktlich, genau und pr\u00e4zise arbeiten k\u00f6nnen. Unser Betrieb arbeitet nach den h\u00f6chsten Hygienestandards, um sicherzustellen, dass unsere Produkte der Klasse I angeh\u00f6ren, gesund sind und einen tadellosen N\u00e4hrwert haben.<\/p>\n<\/div><\/section><\/p><\/div><div class='flex_column_table av-222r87-bc936da6b88d3f72f7a11c666b1a16cb sc-av_one_half av-equal-height-column-flextable'><div class='flex_column av-222r87-bc936da6b88d3f72f7a11c666b1a16cb av_one_half  avia-builder-el-8  el_after_av_one_full  el_before_av_one_half  first flex_column_table_cell av-equal-height-column av-align-middle column-top-margin'     ><p>\n<style type=\"text\/css\" data-created_by=\"avia_inline_auto\" id=\"style-css-av-6rgsv-12df8bd25a3e1fdeb0a48cee60a6092b\">\n#top .av-special-heading.av-6rgsv-12df8bd25a3e1fdeb0a48cee60a6092b{\npadding-bottom:10px;\n}\nbody .av-special-heading.av-6rgsv-12df8bd25a3e1fdeb0a48cee60a6092b .av-special-heading-tag .heading-char{\nfont-size:25px;\n}\n.av-special-heading.av-6rgsv-12df8bd25a3e1fdeb0a48cee60a6092b .av-subheading{\nfont-size:15px;\n}\n<\/style>\n<div  class='av-special-heading av-6rgsv-12df8bd25a3e1fdeb0a48cee60a6092b av-special-heading-h3 blockquote modern-quote  avia-builder-el-9  el_before_av_iconlist  avia-builder-el-first '><h3 class='av-special-heading-tag'  itemprop=\"headline\"  >Die 8 Schl\u00fcsselelemente unserer Technologie:<\/h3><div class=\"special-heading-border\"><div class=\"special-heading-inner-border\"><\/div><\/div><\/div><br \/>\n\n<style type=\"text\/css\" data-created_by=\"avia_inline_auto\" id=\"style-css-av-1p4g6v-85e5766c8ce3f12b16f9f01cab0c3049\">\n#top .avia-icon-list-container.av-1p4g6v-85e5766c8ce3f12b16f9f01cab0c3049 .iconlist_icon{\ncolor:#2238c3;\n}\n<\/style>\n<div  class='avia-icon-list-container av-1p4g6v-85e5766c8ce3f12b16f9f01cab0c3049  avia-builder-el-10  el_after_av_heading  avia-builder-el-last '><ul class='avia-icon-list avia_animate_when_almost_visible avia-icon-list-left av-iconlist-small av-1p4g6v-85e5766c8ce3f12b16f9f01cab0c3049 avia-iconlist-animate'>\n<li><div class='iconlist_icon av-1jeytb-4bdce20e0aaa3dc767df3b3e421d7ad2 avia-font-entypo-fontello'><span class='iconlist-char' aria-hidden='true' data-av_icon='\ue812' data-av_iconfont='entypo-fontello'><\/span><\/div><article class=\"article-icon-entry av-iconlist-empty\"  itemscope=\"itemscope\" itemtype=\"https:\/\/schema.org\/CreativeWork\" ><div class=\"iconlist_content_wrap\"><header class=\"entry-content-header\"><div class='av_iconlist_title iconlist_title_small  '  itemprop=\"headline\" >\u2022 Wir verwenden einen Sp\u00fcltank, um sicherzustellen, dass das Fischfleisch frei von unangenehm schmeckenden Stoffen ist, die sich durch die intensive Aufzucht angesammelt haben k\u00f6nnten.<\/div><\/header><div class='iconlist_content '  itemprop=\"text\" ><\/div><\/div><footer class=\"entry-footer\"><\/footer><\/article><div class=\"iconlist-timeline\"><\/div><\/li>\n<li><div class='iconlist_icon av-1hi3nb-55584e287a0cdca76009372b688cb923 avia-font-entypo-fontello'><span class='iconlist-char' aria-hidden='true' data-av_icon='\ue812' data-av_iconfont='entypo-fontello'><\/span><\/div><article class=\"article-icon-entry av-iconlist-empty\"  itemscope=\"itemscope\" itemtype=\"https:\/\/schema.org\/CreativeWork\" ><div class=\"iconlist_content_wrap\"><header class=\"entry-content-header\"><div class='av_iconlist_title iconlist_title_small  '  itemprop=\"headline\" >Die Luft in den Verarbeitungsr\u00e4umen wird gefiltert und bakteriell sterilisiert.<\/div><\/header><div class='iconlist_content '  itemprop=\"text\" ><\/div><\/div><footer class=\"entry-footer\"><\/footer><\/article><div class=\"iconlist-timeline\"><\/div><\/li>\n<li><div class='iconlist_icon av-1a5trb-1f31fc52380c4c53b7ca42157b4481f8 avia-font-entypo-fontello'><span class='iconlist-char' aria-hidden='true' data-av_icon='\ue812' data-av_iconfont='entypo-fontello'><\/span><\/div><article class=\"article-icon-entry av-iconlist-empty\"  itemscope=\"itemscope\" itemtype=\"https:\/\/schema.org\/CreativeWork\" ><div class=\"iconlist_content_wrap\"><header class=\"entry-content-header\"><div class='av_iconlist_title iconlist_title_small  '  itemprop=\"headline\" >Eine gleichbleibende Qualit\u00e4t wird durch den Einsatz zuverl\u00e4ssiger und leistungsstarker Verarbeitungsmaschinen erreicht.<\/div><\/header><div class='iconlist_content '  itemprop=\"text\" ><\/div><\/div><footer class=\"entry-footer\"><\/footer><\/article><div class=\"iconlist-timeline\"><\/div><\/li>\n<li><div class='iconlist_icon av-12psu7-e2c22e1029c779ab3e86e30344cb8d24 avia-font-entypo-fontello'><span class='iconlist-char' aria-hidden='true' data-av_icon='\ue812' data-av_iconfont='entypo-fontello'><\/span><\/div><article class=\"article-icon-entry av-iconlist-empty\"  itemscope=\"itemscope\" itemtype=\"https:\/\/schema.org\/CreativeWork\" ><div class=\"iconlist_content_wrap\"><header class=\"entry-content-header\"><div class='av_iconlist_title iconlist_title_small  '  itemprop=\"headline\" >Wir arbeiten in isolierten Arbeitsbereichen, so dass die interne Hygiene nicht durch den Durchfluss vom Wasser beeintr\u00e4chtigt wird.<\/div><\/header><div class='iconlist_content '  itemprop=\"text\" ><\/div><\/div><footer class=\"entry-footer\"><\/footer><\/article><div class=\"iconlist-timeline\"><\/div><\/li>\n<li><div class='iconlist_icon av-ytu9b-0a8ed3c1d229293470194ae10493f4e2 avia-font-entypo-fontello'><span class='iconlist-char' aria-hidden='true' data-av_icon='\ue812' data-av_iconfont='entypo-fontello'><\/span><\/div><article class=\"article-icon-entry av-iconlist-empty\"  itemscope=\"itemscope\" itemtype=\"https:\/\/schema.org\/CreativeWork\" ><div class=\"iconlist_content_wrap\"><header class=\"entry-content-header\"><div class='av_iconlist_title iconlist_title_small  '  itemprop=\"headline\" >Wir verf\u00fcgen \u00fcber ein eigenes Labor, in dem wir die Hygienebedingungen t\u00e4glich \u00fcberwachen k\u00f6nnen.<\/div><\/header><div class='iconlist_content '  itemprop=\"text\" ><\/div><\/div><footer class=\"entry-footer\"><\/footer><\/article><div class=\"iconlist-timeline\"><\/div><\/li>\n<li><div class='iconlist_icon av-2l7un-71dbb57d74c935b0ebe8ec159384bfa0 avia-font-entypo-fontello'><span class='iconlist-char' aria-hidden='true' data-av_icon='\ue812' data-av_iconfont='entypo-fontello'><\/span><\/div><article class=\"article-icon-entry av-iconlist-empty\"  itemscope=\"itemscope\" itemtype=\"https:\/\/schema.org\/CreativeWork\" ><div class=\"iconlist_content_wrap\"><header class=\"entry-content-header\"><div class='av_iconlist_title iconlist_title_small  '  itemprop=\"headline\" >Wir verwenden ein hochwertiges Gefrierverfahren, um die Verluste beim Auftauen zu minimieren.<\/div><\/header><div class='iconlist_content '  itemprop=\"text\" ><\/div><\/div><footer class=\"entry-footer\"><\/footer><\/article><div class=\"iconlist-timeline\"><\/div><\/li>\n<li><div class='iconlist_icon av-kt4i7-9d531930035e6518306a90c72b0fde8a avia-font-entypo-fontello'><span class='iconlist-char' aria-hidden='true' data-av_icon='\ue812' data-av_iconfont='entypo-fontello'><\/span><\/div><article class=\"article-icon-entry av-iconlist-empty\"  itemscope=\"itemscope\" itemtype=\"https:\/\/schema.org\/CreativeWork\" ><div class=\"iconlist_content_wrap\"><header class=\"entry-content-header\"><div class='av_iconlist_title iconlist_title_small  '  itemprop=\"headline\" >Wir verwenden eine Hygieneschleuse, um ein H\u00f6chstma\u00df an pers\u00f6nlicher Hygiene zu gew\u00e4hrleisten, mit vollst\u00e4ndiger Desinfektion der Kleidung.<\/div><\/header><div class='iconlist_content '  itemprop=\"text\" ><\/div><\/div><footer class=\"entry-footer\"><\/footer><\/article><div class=\"iconlist-timeline\"><\/div><\/li>\n<li><div class='iconlist_icon av-hhi6f-db2d252e3de9bdc3f5ee1b37ec3e9309 avia-font-entypo-fontello'><span class='iconlist-char' aria-hidden='true' data-av_icon='\ue812' data-av_iconfont='entypo-fontello'><\/span><\/div><article class=\"article-icon-entry av-iconlist-empty\"  itemscope=\"itemscope\" itemtype=\"https:\/\/schema.org\/CreativeWork\" ><div class=\"iconlist_content_wrap\"><header class=\"entry-content-header\"><div class='av_iconlist_title iconlist_title_small  '  itemprop=\"headline\" >Die Nebenprodukte werden am Ende jedes Arbeitstages aus der Anlage entfernt.<\/div><\/header><div class='iconlist_content '  itemprop=\"text\" ><\/div><\/div><footer class=\"entry-footer\"><\/footer><\/article><div class=\"iconlist-timeline\"><\/div><\/li>\n<\/ul><\/div><\/p><\/div><div class='av-flex-placeholder'><\/div><div class='flex_column av-a83on-60832071f7e4e532442d73ebe3c52bc5 av_one_half  avia-builder-el-11  el_after_av_one_half  avia-builder-el-last  flex_column_table_cell av-equal-height-column av-align-middle column-top-margin'     ><style type=\"text\/css\" data-created_by=\"avia_inline_auto\" id=\"style-css-av-ljdw3yo6-d3547600bf8d6d6994ead56780fb95d9\">\n.avia-image-container.av-ljdw3yo6-d3547600bf8d6d6994ead56780fb95d9 img.avia_image{\nbox-shadow:none;\n}\n.avia-image-container.av-ljdw3yo6-d3547600bf8d6d6994ead56780fb95d9 .av-image-caption-overlay-center{\ncolor:#ffffff;\n}\n<\/style>\n<div  class='avia-image-container av-ljdw3yo6-d3547600bf8d6d6994ead56780fb95d9 av-styling- avia-align-center  avia-builder-el-12  avia-builder-el-no-sibling  boxarnyek lekerekites'   itemprop=\"image\" itemscope=\"itemscope\" itemtype=\"https:\/\/schema.org\/ImageObject\" ><div class=\"avia-image-container-inner\"><div class=\"avia-image-overlay-wrap\"><img decoding=\"async\" class='wp-image-297 avia-img-lazy-loading-not-297 avia_image ' src=\"https:\/\/pelsofish.hu\/wp-content\/uploads\/2023\/06\/pelsofish006.jpg\" alt='Marktfischzuchtanlage' title='Marktfischzuchtanlage'  height=\"1280\" width=\"1920\"  itemprop=\"thumbnailUrl\" srcset=\"https:\/\/pelsofish.hu\/wp-content\/uploads\/2023\/06\/pelsofish006.jpg 1920w, https:\/\/pelsofish.hu\/wp-content\/uploads\/2023\/06\/pelsofish006-300x200.jpg 300w, https:\/\/pelsofish.hu\/wp-content\/uploads\/2023\/06\/pelsofish006-1030x687.jpg 1030w, https:\/\/pelsofish.hu\/wp-content\/uploads\/2023\/06\/pelsofish006-768x512.jpg 768w, https:\/\/pelsofish.hu\/wp-content\/uploads\/2023\/06\/pelsofish006-1536x1024.jpg 1536w, https:\/\/pelsofish.hu\/wp-content\/uploads\/2023\/06\/pelsofish006-1500x1000.jpg 1500w, https:\/\/pelsofish.hu\/wp-content\/uploads\/2023\/06\/pelsofish006-705x470.jpg 705w\" sizes=\"(max-width: 1920px) 100vw, 1920px\" \/><\/div><\/div><\/div><\/div><\/div><!--close column table wrapper. Autoclose: 1 -->\n\n","protected":false},"excerpt":{"rendered":"","protected":false},"author":1,"featured_media":0,"parent":0,"menu_order":0,"comment_status":"closed","ping_status":"closed","template":"","meta":{"inline_featured_image":false,"footnotes":""},"class_list":["post-311","page","type-page","status-publish","hentry"],"yoast_head":"<!-- This site is optimized with the Yoast SEO plugin v19.11 - https:\/\/yoast.com\/wordpress\/plugins\/seo\/ -->\n<title>Betrieb des Verarbeitungbetriebs - Pelso Fish Zrt.<\/title>\n<meta name=\"description\" content=\"In unserem Fischverarbeitungsbetrieb werden frische und tiefgefrorene Fischprodukte (vor allem Filets und Gr\u00e4ten) mit modernsten technologischen Methoden, gr\u00f6\u00dftenteils mechanisiert, minimalem menschlichem Eingriff hergestellt.\" \/>\n<meta name=\"robots\" content=\"index, follow, max-snippet:-1, max-image-preview:large, max-video-preview:-1\" \/>\n<link rel=\"canonical\" href=\"https:\/\/pelsofish.hu\/de\/betrieb-der-verarbeitingbetriebs\/\" \/>\n<meta property=\"og:locale\" content=\"de_DE\" \/>\n<meta property=\"og:type\" content=\"article\" \/>\n<meta property=\"og:title\" content=\"Betrieb des Verarbeitungbetriebs - Pelso Fish Zrt.\" \/>\n<meta property=\"og:description\" content=\"In unserem Fischverarbeitungsbetrieb werden frische und tiefgefrorene Fischprodukte (vor allem Filets und Gr\u00e4ten) mit modernsten technologischen Methoden, gr\u00f6\u00dftenteils mechanisiert, minimalem menschlichem Eingriff hergestellt.\" \/>\n<meta property=\"og:url\" content=\"https:\/\/pelsofish.hu\/de\/betrieb-der-verarbeitingbetriebs\/\" \/>\n<meta property=\"og:site_name\" content=\"Pelso Fish Zrt.\" \/>\n<meta property=\"article:modified_time\" content=\"2023-10-26T12:19:33+00:00\" \/>\n<meta name=\"twitter:card\" content=\"summary_large_image\" \/>\n<meta name=\"twitter:label1\" content=\"Gesch\u00e4tzte Lesezeit\" \/>\n\t<meta name=\"twitter:data1\" content=\"16\u00a0Minuten\" \/>\n<script type=\"application\/ld+json\" class=\"yoast-schema-graph\">{\"@context\":\"https:\/\/schema.org\",\"@graph\":[{\"@type\":\"WebPage\",\"@id\":\"https:\/\/pelsofish.hu\/de\/betrieb-der-verarbeitingbetriebs\/\",\"url\":\"https:\/\/pelsofish.hu\/de\/betrieb-der-verarbeitingbetriebs\/\",\"name\":\"Betrieb des Verarbeitungbetriebs - Pelso Fish Zrt.\",\"isPartOf\":{\"@id\":\"https:\/\/pelsofish.hu\/#website\"},\"datePublished\":\"2023-06-27T06:11:54+00:00\",\"dateModified\":\"2023-10-26T12:19:33+00:00\",\"description\":\"In unserem Fischverarbeitungsbetrieb werden frische und tiefgefrorene Fischprodukte (vor allem Filets und Gr\u00e4ten) mit modernsten technologischen Methoden, gr\u00f6\u00dftenteils mechanisiert, minimalem menschlichem Eingriff hergestellt.\",\"breadcrumb\":{\"@id\":\"https:\/\/pelsofish.hu\/de\/betrieb-der-verarbeitingbetriebs\/#breadcrumb\"},\"inLanguage\":\"de\",\"potentialAction\":[{\"@type\":\"ReadAction\",\"target\":[\"https:\/\/pelsofish.hu\/de\/betrieb-der-verarbeitingbetriebs\/\"]}]},{\"@type\":\"BreadcrumbList\",\"@id\":\"https:\/\/pelsofish.hu\/de\/betrieb-der-verarbeitingbetriebs\/#breadcrumb\",\"itemListElement\":[{\"@type\":\"ListItem\",\"position\":1,\"name\":\"Kezd\u0151lap\",\"item\":\"https:\/\/pelsofish.hu\/de\/hauptseite\/\"},{\"@type\":\"ListItem\",\"position\":2,\"name\":\"Betrieb des Verarbeitungbetriebs\"}]},{\"@type\":\"WebSite\",\"@id\":\"https:\/\/pelsofish.hu\/#website\",\"url\":\"https:\/\/pelsofish.hu\/\",\"name\":\"Pelso Fish Zrt.\",\"description\":\"Halfeldolgoz\u00f3 \u00fczem\",\"potentialAction\":[{\"@type\":\"SearchAction\",\"target\":{\"@type\":\"EntryPoint\",\"urlTemplate\":\"https:\/\/pelsofish.hu\/?s={search_term_string}\"},\"query-input\":\"required name=search_term_string\"}],\"inLanguage\":\"de\"}]}<\/script>\n<!-- \/ Yoast SEO plugin. -->","yoast_head_json":{"title":"Betrieb des Verarbeitungbetriebs - Pelso Fish Zrt.","description":"In unserem Fischverarbeitungsbetrieb werden frische und tiefgefrorene Fischprodukte (vor allem Filets und Gr\u00e4ten) mit modernsten technologischen Methoden, gr\u00f6\u00dftenteils mechanisiert, minimalem menschlichem Eingriff hergestellt.","robots":{"index":"index","follow":"follow","max-snippet":"max-snippet:-1","max-image-preview":"max-image-preview:large","max-video-preview":"max-video-preview:-1"},"canonical":"https:\/\/pelsofish.hu\/de\/betrieb-der-verarbeitingbetriebs\/","og_locale":"de_DE","og_type":"article","og_title":"Betrieb des Verarbeitungbetriebs - Pelso Fish Zrt.","og_description":"In unserem Fischverarbeitungsbetrieb werden frische und tiefgefrorene Fischprodukte (vor allem Filets und Gr\u00e4ten) mit modernsten technologischen Methoden, gr\u00f6\u00dftenteils mechanisiert, minimalem menschlichem Eingriff hergestellt.","og_url":"https:\/\/pelsofish.hu\/de\/betrieb-der-verarbeitingbetriebs\/","og_site_name":"Pelso Fish Zrt.","article_modified_time":"2023-10-26T12:19:33+00:00","twitter_card":"summary_large_image","twitter_misc":{"Gesch\u00e4tzte Lesezeit":"16\u00a0Minuten"},"schema":{"@context":"https:\/\/schema.org","@graph":[{"@type":"WebPage","@id":"https:\/\/pelsofish.hu\/de\/betrieb-der-verarbeitingbetriebs\/","url":"https:\/\/pelsofish.hu\/de\/betrieb-der-verarbeitingbetriebs\/","name":"Betrieb des Verarbeitungbetriebs - Pelso Fish Zrt.","isPartOf":{"@id":"https:\/\/pelsofish.hu\/#website"},"datePublished":"2023-06-27T06:11:54+00:00","dateModified":"2023-10-26T12:19:33+00:00","description":"In unserem Fischverarbeitungsbetrieb werden frische und tiefgefrorene Fischprodukte (vor allem Filets und Gr\u00e4ten) mit modernsten technologischen Methoden, gr\u00f6\u00dftenteils mechanisiert, minimalem menschlichem Eingriff hergestellt.","breadcrumb":{"@id":"https:\/\/pelsofish.hu\/de\/betrieb-der-verarbeitingbetriebs\/#breadcrumb"},"inLanguage":"de","potentialAction":[{"@type":"ReadAction","target":["https:\/\/pelsofish.hu\/de\/betrieb-der-verarbeitingbetriebs\/"]}]},{"@type":"BreadcrumbList","@id":"https:\/\/pelsofish.hu\/de\/betrieb-der-verarbeitingbetriebs\/#breadcrumb","itemListElement":[{"@type":"ListItem","position":1,"name":"Kezd\u0151lap","item":"https:\/\/pelsofish.hu\/de\/hauptseite\/"},{"@type":"ListItem","position":2,"name":"Betrieb des Verarbeitungbetriebs"}]},{"@type":"WebSite","@id":"https:\/\/pelsofish.hu\/#website","url":"https:\/\/pelsofish.hu\/","name":"Pelso Fish Zrt.","description":"Halfeldolgoz\u00f3 \u00fczem","potentialAction":[{"@type":"SearchAction","target":{"@type":"EntryPoint","urlTemplate":"https:\/\/pelsofish.hu\/?s={search_term_string}"},"query-input":"required name=search_term_string"}],"inLanguage":"de"}]}},"_links":{"self":[{"href":"https:\/\/pelsofish.hu\/de\/wp-json\/wp\/v2\/pages\/311","targetHints":{"allow":["GET"]}}],"collection":[{"href":"https:\/\/pelsofish.hu\/de\/wp-json\/wp\/v2\/pages"}],"about":[{"href":"https:\/\/pelsofish.hu\/de\/wp-json\/wp\/v2\/types\/page"}],"author":[{"embeddable":true,"href":"https:\/\/pelsofish.hu\/de\/wp-json\/wp\/v2\/users\/1"}],"replies":[{"embeddable":true,"href":"https:\/\/pelsofish.hu\/de\/wp-json\/wp\/v2\/comments?post=311"}],"version-history":[{"count":6,"href":"https:\/\/pelsofish.hu\/de\/wp-json\/wp\/v2\/pages\/311\/revisions"}],"predecessor-version":[{"id":605,"href":"https:\/\/pelsofish.hu\/de\/wp-json\/wp\/v2\/pages\/311\/revisions\/605"}],"wp:attachment":[{"href":"https:\/\/pelsofish.hu\/de\/wp-json\/wp\/v2\/media?parent=311"}],"curies":[{"name":"wp","href":"https:\/\/api.w.org\/{rel}","templated":true}]}}