{"id":318,"date":"2022-12-01T12:41:21","date_gmt":"2022-12-01T12:41:21","guid":{"rendered":"https:\/\/pelsofish.hu\/keltetes-es-neveles\/"},"modified":"2023-10-26T12:16:27","modified_gmt":"2023-10-26T12:16:27","slug":"fischzucht","status":"publish","type":"page","link":"https:\/\/pelsofish.hu\/de\/fischzucht\/","title":{"rendered":"Fischzucht"},"content":{"rendered":"<div id='full_slider_1'  class='avia-fullwidth-slider main_color avia-shadow   avia-builder-el-0  el_before_av_section  avia-builder-el-first   container_wrap fullsize'  ><div  class='avia-slideshow av-4ew93-f55b77466bcc64bf5ffe7b212846f756 avia-slideshow-no scaling av_slideshow_full avia-slide-slider av-slideshow-ui av-control-default av-slideshow-manual av-loop-once av-loop-manual-endless av-default-height-applied   avia-slideshow-1' data-slideshow-options=\"{&quot;animation&quot;:&quot;slide&quot;,&quot;autoplay&quot;:false,&quot;loop_autoplay&quot;:&quot;once&quot;,&quot;interval&quot;:5,&quot;loop_manual&quot;:&quot;manual-endless&quot;,&quot;autoplay_stopper&quot;:false,&quot;noNavigation&quot;:false,&quot;bg_slider&quot;:false,&quot;keep_padding&quot;:false,&quot;hoverpause&quot;:false,&quot;show_slide_delay&quot;:0}\"  itemprop=\"image\" itemscope=\"itemscope\" itemtype=\"https:\/\/schema.org\/ImageObject\" ><ul class='avia-slideshow-inner ' style='padding-bottom: 42.03125%;'><li  class='avia-slideshow-slide av-4ew93-f55b77466bcc64bf5ffe7b212846f756__0  av-single-slide slide-1 slide-odd'><div data-rel='slideshow-1' class='avia-slide-wrap '   ><img decoding=\"async\" class=\"wp-image-475 avia-img-lazy-loading-not-475\"  src=\"https:\/\/pelsofish.hu\/wp-content\/uploads\/2023\/10\/halneveles-1.jpg\" width=\"2560\" height=\"1076\" title='halnevel\u00e9s' alt=''  itemprop=\"thumbnailUrl\" srcset=\"https:\/\/pelsofish.hu\/wp-content\/uploads\/2023\/10\/halneveles-1.jpg 2560w, https:\/\/pelsofish.hu\/wp-content\/uploads\/2023\/10\/halneveles-1-300x126.jpg 300w, https:\/\/pelsofish.hu\/wp-content\/uploads\/2023\/10\/halneveles-1-1030x433.jpg 1030w, https:\/\/pelsofish.hu\/wp-content\/uploads\/2023\/10\/halneveles-1-768x323.jpg 768w, https:\/\/pelsofish.hu\/wp-content\/uploads\/2023\/10\/halneveles-1-1536x646.jpg 1536w, https:\/\/pelsofish.hu\/wp-content\/uploads\/2023\/10\/halneveles-1-2048x861.jpg 2048w, https:\/\/pelsofish.hu\/wp-content\/uploads\/2023\/10\/halneveles-1-1500x630.jpg 1500w, https:\/\/pelsofish.hu\/wp-content\/uploads\/2023\/10\/halneveles-1-705x296.jpg 705w\" sizes=\"(max-width: 2560px) 100vw, 2560px\" \/><\/div><\/li><\/ul><\/div><\/div>\n<div id='av_section_1'  class='avia-section av-35ztf-8553afcd10a000889cf70ef364f65385 main_color avia-section-default avia-no-border-styling  avia-builder-el-1  el_after_av_slideshow_full  avia-builder-el-last  avia-bg-style-scroll container_wrap fullsize'  ><div class='container av-section-cont-open' ><div class='template-page content  av-content-full alpha units'><div class='post-entry post-entry-type-page post-entry-318'><div class='entry-content-wrapper clearfix'>\n<div class='flex_column av-a38b-b9d47b5c449f7e115c432132bfb0c7de av_one_full  avia-builder-el-2  el_before_av_masonry_gallery  avia-builder-el-no-sibling  first flex_column_div '     ><p>\n<style type=\"text\/css\" data-created_by=\"avia_inline_auto\" id=\"style-css-av-lb52dova-efcd2ad3c87b75cda459178f0f2f2a85\">\n#top .av-special-heading.av-lb52dova-efcd2ad3c87b75cda459178f0f2f2a85{\npadding-bottom:10px;\n}\nbody .av-special-heading.av-lb52dova-efcd2ad3c87b75cda459178f0f2f2a85 .av-special-heading-tag .heading-char{\nfont-size:25px;\n}\n.av-special-heading.av-lb52dova-efcd2ad3c87b75cda459178f0f2f2a85 .av-subheading{\nfont-size:15px;\n}\n<\/style>\n<div  class='av-special-heading av-lb52dova-efcd2ad3c87b75cda459178f0f2f2a85 av-special-heading-h1 blockquote modern-quote modern-centered  avia-builder-el-3  el_before_av_hr  avia-builder-el-first '><h1 class='av-special-heading-tag'  itemprop=\"headline\"  >Fischzucht<\/h1><div class=\"special-heading-border\"><div class=\"special-heading-inner-border\"><\/div><\/div><\/div><br \/>\n\n<style type=\"text\/css\" data-created_by=\"avia_inline_auto\" id=\"style-css-av-21fpj-984040ccbdcc2ef64859d0e9b47dfd6f\">\n#top .hr.hr-invisible.av-21fpj-984040ccbdcc2ef64859d0e9b47dfd6f{\nheight:20px;\n}\n<\/style>\n<div  class='hr av-21fpj-984040ccbdcc2ef64859d0e9b47dfd6f hr-invisible  avia-builder-el-4  el_after_av_heading  el_before_av_image '><span class='hr-inner '><span class=\"hr-inner-style\"><\/span><\/span><\/div><br \/>\n\n<style type=\"text\/css\" data-created_by=\"avia_inline_auto\" id=\"style-css-av-1mzc7-86cf2c7e2451f5d29c89d15181a34b25\">\n.avia-image-container.av-1mzc7-86cf2c7e2451f5d29c89d15181a34b25 img.avia_image{\nbox-shadow:none;\n}\n.avia-image-container.av-1mzc7-86cf2c7e2451f5d29c89d15181a34b25 .av-image-caption-overlay-center{\ncolor:#ffffff;\n}\n<\/style>\n<div  class='avia-image-container av-1mzc7-86cf2c7e2451f5d29c89d15181a34b25 av-styling- avia-align-center  avia-builder-el-5  el_after_av_hr  el_before_av_hr '   itemprop=\"image\" itemscope=\"itemscope\" itemtype=\"https:\/\/schema.org\/ImageObject\" ><div class=\"avia-image-container-inner\"><div class=\"avia-image-overlay-wrap\"><img decoding=\"async\" class='wp-image-276 avia-img-lazy-loading-not-276 avia_image ' src=\"https:\/\/pelsofish.hu\/wp-content\/uploads\/2022\/12\/halelvalaszto-300x18.png\" alt='' title=''  height=\"18\" width=\"300\"  itemprop=\"thumbnailUrl\" srcset=\"https:\/\/pelsofish.hu\/wp-content\/uploads\/2022\/12\/halelvalaszto-300x18.png 300w, https:\/\/pelsofish.hu\/wp-content\/uploads\/2022\/12\/halelvalaszto-768x46.png 768w, https:\/\/pelsofish.hu\/wp-content\/uploads\/2022\/12\/halelvalaszto-705x43.png 705w, https:\/\/pelsofish.hu\/wp-content\/uploads\/2022\/12\/halelvalaszto.png 795w\" sizes=\"(max-width: 300px) 100vw, 300px\" \/><\/div><\/div><\/div><br \/>\n\n<style type=\"text\/css\" data-created_by=\"avia_inline_auto\" id=\"style-css-av-pkvb-461330fdabdf83db75ed207c6a4c29b4\">\n#top .hr.hr-invisible.av-pkvb-461330fdabdf83db75ed207c6a4c29b4{\nheight:20px;\n}\n<\/style>\n<div  class='hr av-pkvb-461330fdabdf83db75ed207c6a4c29b4 hr-invisible  avia-builder-el-6  el_after_av_image  el_before_av_textblock '><span class='hr-inner '><span class=\"hr-inner-style\"><\/span><\/span><\/div><br \/>\n<section  class='av_textblock_section av-lb52edpe-9a60ddb86b371462d25f6d1410793e6e'  itemscope=\"itemscope\" itemtype=\"https:\/\/schema.org\/CreativeWork\" ><div class='avia_textblock'  itemprop=\"text\" ><p>Wie sieht die Lebensgeschichte von k\u00fcnstlich gez\u00fcchteten Afrikanischen Welsen aus? Wovon ern\u00e4hren sich die Fische? Wie werden sie ausgewachsen, und wie lange dauert es, bis sie ausgewachsen sind?<\/p>\n<p>Die Fische werden in Vollklimar\u00e4umen aufgezogen, die durch L\u00fcftungsanlagen gek\u00fchlt oder beheizt werden, sodass wir die Grundumweltfaktoren selbst einstellen k\u00f6nnen, um die Produktion jederzeit zu optimieren.<\/p>\n<p>Wir nutzen die Abw\u00e4rme des neben dem Betrieb gelegenen Biogaskraftwerks zum Heizen und F\u00fchren im Gegenzug die von den Fischen produzierten Nebenprodukte in das Biogaskraftwerk ein.<br \/>\nDas Geb\u00e4ude besteht aus 4 separaten Mutterr\u00e4umen, 1 geteiltem Aufzuchtraum und 3 geteilten Marktaufzuchtr\u00e4umen mit 5 separaten R\u00e4umen.<br \/>\nDie Fische werden in einem Kreislaufsystem gehalten, wobei das Wasser, das die Fischteiche verl\u00e4sst, mechanisch und biologisch aufbereitet und in die Fischteiche zur\u00fcckgef\u00fchrt wird, wodurch der Wasserverlust pro Fisch minimiert wird.<br \/>\nDie F\u00fctterung erfolgt durch automatische Futterautomaten, die die t\u00e4gliche Futtermenge immer an das Gewicht der Fische in den Teichen anpassen. Jedes unserer separaten Systeme ist mit Sensoren ausgestattet, die den Zustand und die Qualit\u00e4t des flie\u00dfenden Wassers und der Luft kontinuierlich \u00fcberwachen.<\/p>\n<p>Bei \u00dcberschreitung der vorgegebenen Grenzwerte wird ein Alarm an den jeweiligen Schichtleiter gesendet, sodass wir im Falle einer Abweichung sofort Ma\u00dfnahmen ergreifen k\u00f6nnen, um das Leben der Fische in unseren Teichen zu verbessern. J\u00e4hrlich werden 1200 Tonnen Lebendfisch ausgesetzt.<br \/>\nIn unserem Fischverarbeitungsbetrieb werden frische und tiefgefrorene Fischprodukte (vor allem Filets und Gr\u00e4ten) mit modernsten technologischen Methoden, gr\u00f6\u00dftenteils mechanisiert, mit minimalem menschlichem Eingriff hergestellt. Der Schwerpunkt unseres Sortiments liegt auf Afrikanischem Wels, der bei uns in der angrenzenden Fabrikhalle produziert wird, sodass wir ohne Zugangsschwierigkeiten p\u00fcnktlich, genau und pr\u00e4zise arbeiten k\u00f6nnen. Unser Betrieb arbeitet nach den h\u00f6chsten Hygienestandards, um sicherzustellen, dass unsere Produkte der Klasse I angeh\u00f6ren, gesund sind und einen tadellosen N\u00e4hrwert haben.<\/p>\n<\/div><\/section><\/p><\/div>\n<style type=\"text\/css\" data-created_by=\"avia_inline_auto\" id=\"style-css-av-lj8hy3ys-073ad96b2bae4e09c4ab8f8a3f086610\">\n#top .av-masonry.av-lj8hy3ys-073ad96b2bae4e09c4ab8f8a3f086610{\nbackground-color:#ffffff;\n}\n<\/style>\n<div id='av-masonry-1' class='av-masonry av-lj8hy3ys-073ad96b2bae4e09c4ab8f8a3f086610 noHover av-fixed-size av-large-gap av-hover-overlay- av-masonry-animation-active av-masonry-col-2 av-caption-always av-caption-style- av-masonry-gallery av-orientation-square '><div class=\"av-masonry-container isotope av-js-disabled\"><div class='av-masonry-entry isotope-item av-masonry-item-no-image '><\/div><a href=\"https:\/\/pelsofish.hu\/wp-content\/uploads\/2023\/06\/pelsofish001-1030x687.jpg\" data-srcset=\"https:\/\/pelsofish.hu\/wp-content\/uploads\/2023\/06\/pelsofish001-1030x687.jpg 1030w, https:\/\/pelsofish.hu\/wp-content\/uploads\/2023\/06\/pelsofish001-300x200.jpg 300w, https:\/\/pelsofish.hu\/wp-content\/uploads\/2023\/06\/pelsofish001-768x512.jpg 768w, https:\/\/pelsofish.hu\/wp-content\/uploads\/2023\/06\/pelsofish001-1536x1024.jpg 1536w, https:\/\/pelsofish.hu\/wp-content\/uploads\/2023\/06\/pelsofish001-1500x1000.jpg 1500w, https:\/\/pelsofish.hu\/wp-content\/uploads\/2023\/06\/pelsofish001-705x470.jpg 705w, https:\/\/pelsofish.hu\/wp-content\/uploads\/2023\/06\/pelsofish001.jpg 1920w\" data-sizes=\"(max-width: 1030px) 100vw, 1030px\"  aria-label=\"Bild Mutterfisch-Aufbewahrungsbecken\"  id='av-masonry-1-item-292' data-av-masonry-item='292' class='av-masonry-entry isotope-item post-292 attachment type-attachment status-inherit hentry  av-masonry-item-with-image' title=\"Mutterfisch-Aufbewahrungsbecken\" alt=\"Mutterfisch-Aufbewahrungsbecken\"    itemprop=\"thumbnailUrl\" ><div class='av-inner-masonry-sizer'><\/div><figure class='av-inner-masonry main_color'><div class=\"av-masonry-outerimage-container\"><div class='av-masonry-image-container' style=\"background-image: url(https:\/\/pelsofish.hu\/wp-content\/uploads\/2023\/06\/pelsofish001-705x470.jpg);\"  title=\"Mutterfisch-Aufbewahrungsbecken\"   alt=\"Mutterfisch-Aufbewahrungsbecken\" ><\/div><\/div><figcaption class='av-inner-masonry-content site-background'><div class='av-inner-masonry-content-pos'><div class='av-inner-masonry-content-pos-content'><div class='avia-arrow'><\/div><h3 class='av-masonry-entry-title entry-title '  itemprop=\"headline\" >Mutterfisch-Aufbewahrungsbecken<\/h3><\/div><\/div><\/figcaption><\/figure><\/a><!--end av-masonry entry--><a href=\"https:\/\/pelsofish.hu\/wp-content\/uploads\/2023\/06\/pelsofish002-1030x687.jpg\" data-srcset=\"https:\/\/pelsofish.hu\/wp-content\/uploads\/2023\/06\/pelsofish002-1030x687.jpg 1030w, https:\/\/pelsofish.hu\/wp-content\/uploads\/2023\/06\/pelsofish002-300x200.jpg 300w, https:\/\/pelsofish.hu\/wp-content\/uploads\/2023\/06\/pelsofish002-768x512.jpg 768w, https:\/\/pelsofish.hu\/wp-content\/uploads\/2023\/06\/pelsofish002-1536x1024.jpg 1536w, https:\/\/pelsofish.hu\/wp-content\/uploads\/2023\/06\/pelsofish002-1500x1000.jpg 1500w, https:\/\/pelsofish.hu\/wp-content\/uploads\/2023\/06\/pelsofish002-705x470.jpg 705w, https:\/\/pelsofish.hu\/wp-content\/uploads\/2023\/06\/pelsofish002.jpg 1920w\" data-sizes=\"(max-width: 1030px) 100vw, 1030px\"  aria-label=\"Bild Nachzuchtsystem\"  id='av-masonry-1-item-293' data-av-masonry-item='293' class='av-masonry-entry isotope-item post-293 attachment type-attachment status-inherit hentry  av-masonry-item-with-image' title=\"Nachzuchtsystem\" alt=\"Nachzuchtsystem\"    itemprop=\"thumbnailUrl\" ><div class='av-inner-masonry-sizer'><\/div><figure class='av-inner-masonry main_color'><div class=\"av-masonry-outerimage-container\"><div class='av-masonry-image-container' style=\"background-image: url(https:\/\/pelsofish.hu\/wp-content\/uploads\/2023\/06\/pelsofish002-705x470.jpg);\"  title=\"Nachzuchtsystem\"   alt=\"Nachzuchtsystem\" ><\/div><\/div><figcaption class='av-inner-masonry-content site-background'><div class='av-inner-masonry-content-pos'><div class='av-inner-masonry-content-pos-content'><div class='avia-arrow'><\/div><h3 class='av-masonry-entry-title entry-title '  itemprop=\"headline\" >Nachzuchtsystem<\/h3><\/div><\/div><\/figcaption><\/figure><\/a><!--end av-masonry entry--><a href=\"https:\/\/pelsofish.hu\/wp-content\/uploads\/2023\/06\/pelsofish006-1030x687.jpg\" data-srcset=\"https:\/\/pelsofish.hu\/wp-content\/uploads\/2023\/06\/pelsofish006-1030x687.jpg 1030w, https:\/\/pelsofish.hu\/wp-content\/uploads\/2023\/06\/pelsofish006-300x200.jpg 300w, https:\/\/pelsofish.hu\/wp-content\/uploads\/2023\/06\/pelsofish006-768x512.jpg 768w, https:\/\/pelsofish.hu\/wp-content\/uploads\/2023\/06\/pelsofish006-1536x1024.jpg 1536w, https:\/\/pelsofish.hu\/wp-content\/uploads\/2023\/06\/pelsofish006-1500x1000.jpg 1500w, https:\/\/pelsofish.hu\/wp-content\/uploads\/2023\/06\/pelsofish006-705x470.jpg 705w, https:\/\/pelsofish.hu\/wp-content\/uploads\/2023\/06\/pelsofish006.jpg 1920w\" data-sizes=\"(max-width: 1030px) 100vw, 1030px\"  aria-label=\"Bild Marktfischzuchtanlage\"  id='av-masonry-1-item-297' data-av-masonry-item='297' class='av-masonry-entry isotope-item post-297 attachment type-attachment status-inherit hentry  av-masonry-item-with-image' title=\"Marktfischzuchtanlage\" alt=\"Marktfischzuchtanlage\"    itemprop=\"thumbnailUrl\" ><div class='av-inner-masonry-sizer'><\/div><figure class='av-inner-masonry main_color'><div class=\"av-masonry-outerimage-container\"><div class='av-masonry-image-container' style=\"background-image: url(https:\/\/pelsofish.hu\/wp-content\/uploads\/2023\/06\/pelsofish006-705x470.jpg);\"  title=\"Marktfischzuchtanlage\"   alt=\"Marktfischzuchtanlage\" ><\/div><\/div><figcaption class='av-inner-masonry-content site-background'><div class='av-inner-masonry-content-pos'><div class='av-inner-masonry-content-pos-content'><div class='avia-arrow'><\/div><h3 class='av-masonry-entry-title entry-title '  itemprop=\"headline\" >Marktfischzuchtanlage<\/h3><\/div><\/div><\/figcaption><\/figure><\/a><!--end av-masonry entry--><a href=\"https:\/\/pelsofish.hu\/wp-content\/uploads\/2023\/06\/pelsofish008-1030x687.jpg\" data-srcset=\"https:\/\/pelsofish.hu\/wp-content\/uploads\/2023\/06\/pelsofish008-1030x687.jpg 1030w, https:\/\/pelsofish.hu\/wp-content\/uploads\/2023\/06\/pelsofish008-300x200.jpg 300w, https:\/\/pelsofish.hu\/wp-content\/uploads\/2023\/06\/pelsofish008-768x512.jpg 768w, https:\/\/pelsofish.hu\/wp-content\/uploads\/2023\/06\/pelsofish008-1536x1024.jpg 1536w, https:\/\/pelsofish.hu\/wp-content\/uploads\/2023\/06\/pelsofish008-1500x1000.jpg 1500w, https:\/\/pelsofish.hu\/wp-content\/uploads\/2023\/06\/pelsofish008-705x470.jpg 705w, https:\/\/pelsofish.hu\/wp-content\/uploads\/2023\/06\/pelsofish008.jpg 1920w\" data-sizes=\"(max-width: 1030px) 100vw, 1030px\"  aria-label=\"Bild Wasserreinigung\"  id='av-masonry-1-item-299' data-av-masonry-item='299' class='av-masonry-entry isotope-item post-299 attachment type-attachment status-inherit hentry  av-masonry-item-with-image' title=\"Wasserreinigung\" alt=\"Wasserreinigung\"    itemprop=\"thumbnailUrl\" ><div class='av-inner-masonry-sizer'><\/div><figure class='av-inner-masonry main_color'><div class=\"av-masonry-outerimage-container\"><div class='av-masonry-image-container' style=\"background-image: url(https:\/\/pelsofish.hu\/wp-content\/uploads\/2023\/06\/pelsofish008-705x470.jpg);\"  title=\"Wasserreinigung\"   alt=\"Wasserreinigung\" ><\/div><\/div><figcaption class='av-inner-masonry-content site-background'><div class='av-inner-masonry-content-pos'><div class='av-inner-masonry-content-pos-content'><div class='avia-arrow'><\/div><h3 class='av-masonry-entry-title entry-title '  itemprop=\"headline\" >Wasserreinigung<\/h3><\/div><\/div><\/figcaption><\/figure><\/a><!--end av-masonry entry--><\/div><\/div>\n\n","protected":false},"excerpt":{"rendered":"","protected":false},"author":1,"featured_media":0,"parent":0,"menu_order":0,"comment_status":"closed","ping_status":"closed","template":"","meta":{"inline_featured_image":false,"footnotes":""},"class_list":["post-318","page","type-page","status-publish","hentry"],"yoast_head":"<!-- This site is optimized with the Yoast SEO plugin v19.11 - https:\/\/yoast.com\/wordpress\/plugins\/seo\/ -->\n<title>Fischzucht - Pelso Fish Zrt.<\/title>\n<meta name=\"description\" content=\"Die Fische werden in vollst\u00e4ndig geschlossenen R\u00e4umen aufgezogen, die durch L\u00fcftungsanlagen gek\u00fchlt oder beheizt werden, so dass wir die grundlegenden Umweltfaktoren selbst einstellen k\u00f6nnen, um die Produktion jederzeit zu optimieren.\" \/>\n<meta name=\"robots\" content=\"index, follow, max-snippet:-1, max-image-preview:large, max-video-preview:-1\" \/>\n<link rel=\"canonical\" href=\"https:\/\/pelsofish.hu\/de\/fischzucht\/\" \/>\n<meta property=\"og:locale\" content=\"de_DE\" \/>\n<meta property=\"og:type\" content=\"article\" \/>\n<meta property=\"og:title\" content=\"Fischzucht - Pelso Fish Zrt.\" \/>\n<meta property=\"og:description\" content=\"Die Fische werden in vollst\u00e4ndig geschlossenen R\u00e4umen aufgezogen, die durch L\u00fcftungsanlagen gek\u00fchlt oder beheizt werden, so dass wir die grundlegenden Umweltfaktoren selbst einstellen k\u00f6nnen, um die Produktion jederzeit zu optimieren.\" \/>\n<meta property=\"og:url\" content=\"https:\/\/pelsofish.hu\/de\/fischzucht\/\" \/>\n<meta property=\"og:site_name\" content=\"Pelso Fish Zrt.\" \/>\n<meta property=\"article:modified_time\" content=\"2023-10-26T12:16:27+00:00\" \/>\n<meta name=\"twitter:card\" content=\"summary_large_image\" \/>\n<meta name=\"twitter:label1\" content=\"Gesch\u00e4tzte Lesezeit\" \/>\n\t<meta name=\"twitter:data1\" content=\"4\u00a0Minuten\" \/>\n<script type=\"application\/ld+json\" class=\"yoast-schema-graph\">{\"@context\":\"https:\/\/schema.org\",\"@graph\":[{\"@type\":\"WebPage\",\"@id\":\"https:\/\/pelsofish.hu\/de\/fischzucht\/\",\"url\":\"https:\/\/pelsofish.hu\/de\/fischzucht\/\",\"name\":\"Fischzucht - Pelso Fish Zrt.\",\"isPartOf\":{\"@id\":\"https:\/\/pelsofish.hu\/#website\"},\"datePublished\":\"2022-12-01T12:41:21+00:00\",\"dateModified\":\"2023-10-26T12:16:27+00:00\",\"description\":\"Die Fische werden in vollst\u00e4ndig geschlossenen R\u00e4umen aufgezogen, die durch L\u00fcftungsanlagen gek\u00fchlt oder beheizt werden, so dass wir die grundlegenden Umweltfaktoren selbst einstellen k\u00f6nnen, um die Produktion jederzeit zu optimieren.\",\"breadcrumb\":{\"@id\":\"https:\/\/pelsofish.hu\/de\/fischzucht\/#breadcrumb\"},\"inLanguage\":\"de\",\"potentialAction\":[{\"@type\":\"ReadAction\",\"target\":[\"https:\/\/pelsofish.hu\/de\/fischzucht\/\"]}]},{\"@type\":\"BreadcrumbList\",\"@id\":\"https:\/\/pelsofish.hu\/de\/fischzucht\/#breadcrumb\",\"itemListElement\":[{\"@type\":\"ListItem\",\"position\":1,\"name\":\"Kezd\u0151lap\",\"item\":\"https:\/\/pelsofish.hu\/de\/hauptseite\/\"},{\"@type\":\"ListItem\",\"position\":2,\"name\":\"Fischzucht\"}]},{\"@type\":\"WebSite\",\"@id\":\"https:\/\/pelsofish.hu\/#website\",\"url\":\"https:\/\/pelsofish.hu\/\",\"name\":\"Pelso Fish Zrt.\",\"description\":\"Halfeldolgoz\u00f3 \u00fczem\",\"potentialAction\":[{\"@type\":\"SearchAction\",\"target\":{\"@type\":\"EntryPoint\",\"urlTemplate\":\"https:\/\/pelsofish.hu\/?s={search_term_string}\"},\"query-input\":\"required name=search_term_string\"}],\"inLanguage\":\"de\"}]}<\/script>\n<!-- \/ Yoast SEO plugin. -->","yoast_head_json":{"title":"Fischzucht - Pelso Fish Zrt.","description":"Die Fische werden in vollst\u00e4ndig geschlossenen R\u00e4umen aufgezogen, die durch L\u00fcftungsanlagen gek\u00fchlt oder beheizt werden, so dass wir die grundlegenden Umweltfaktoren selbst einstellen k\u00f6nnen, um die Produktion jederzeit zu optimieren.","robots":{"index":"index","follow":"follow","max-snippet":"max-snippet:-1","max-image-preview":"max-image-preview:large","max-video-preview":"max-video-preview:-1"},"canonical":"https:\/\/pelsofish.hu\/de\/fischzucht\/","og_locale":"de_DE","og_type":"article","og_title":"Fischzucht - Pelso Fish Zrt.","og_description":"Die Fische werden in vollst\u00e4ndig geschlossenen R\u00e4umen aufgezogen, die durch L\u00fcftungsanlagen gek\u00fchlt oder beheizt werden, so dass wir die grundlegenden Umweltfaktoren selbst einstellen k\u00f6nnen, um die Produktion jederzeit zu optimieren.","og_url":"https:\/\/pelsofish.hu\/de\/fischzucht\/","og_site_name":"Pelso Fish Zrt.","article_modified_time":"2023-10-26T12:16:27+00:00","twitter_card":"summary_large_image","twitter_misc":{"Gesch\u00e4tzte Lesezeit":"4\u00a0Minuten"},"schema":{"@context":"https:\/\/schema.org","@graph":[{"@type":"WebPage","@id":"https:\/\/pelsofish.hu\/de\/fischzucht\/","url":"https:\/\/pelsofish.hu\/de\/fischzucht\/","name":"Fischzucht - Pelso Fish Zrt.","isPartOf":{"@id":"https:\/\/pelsofish.hu\/#website"},"datePublished":"2022-12-01T12:41:21+00:00","dateModified":"2023-10-26T12:16:27+00:00","description":"Die Fische werden in vollst\u00e4ndig geschlossenen R\u00e4umen aufgezogen, die durch L\u00fcftungsanlagen gek\u00fchlt oder beheizt werden, so dass wir die grundlegenden Umweltfaktoren selbst einstellen k\u00f6nnen, um die Produktion jederzeit zu optimieren.","breadcrumb":{"@id":"https:\/\/pelsofish.hu\/de\/fischzucht\/#breadcrumb"},"inLanguage":"de","potentialAction":[{"@type":"ReadAction","target":["https:\/\/pelsofish.hu\/de\/fischzucht\/"]}]},{"@type":"BreadcrumbList","@id":"https:\/\/pelsofish.hu\/de\/fischzucht\/#breadcrumb","itemListElement":[{"@type":"ListItem","position":1,"name":"Kezd\u0151lap","item":"https:\/\/pelsofish.hu\/de\/hauptseite\/"},{"@type":"ListItem","position":2,"name":"Fischzucht"}]},{"@type":"WebSite","@id":"https:\/\/pelsofish.hu\/#website","url":"https:\/\/pelsofish.hu\/","name":"Pelso Fish Zrt.","description":"Halfeldolgoz\u00f3 \u00fczem","potentialAction":[{"@type":"SearchAction","target":{"@type":"EntryPoint","urlTemplate":"https:\/\/pelsofish.hu\/?s={search_term_string}"},"query-input":"required name=search_term_string"}],"inLanguage":"de"}]}},"_links":{"self":[{"href":"https:\/\/pelsofish.hu\/de\/wp-json\/wp\/v2\/pages\/318","targetHints":{"allow":["GET"]}}],"collection":[{"href":"https:\/\/pelsofish.hu\/de\/wp-json\/wp\/v2\/pages"}],"about":[{"href":"https:\/\/pelsofish.hu\/de\/wp-json\/wp\/v2\/types\/page"}],"author":[{"embeddable":true,"href":"https:\/\/pelsofish.hu\/de\/wp-json\/wp\/v2\/users\/1"}],"replies":[{"embeddable":true,"href":"https:\/\/pelsofish.hu\/de\/wp-json\/wp\/v2\/comments?post=318"}],"version-history":[{"count":6,"href":"https:\/\/pelsofish.hu\/de\/wp-json\/wp\/v2\/pages\/318\/revisions"}],"predecessor-version":[{"id":601,"href":"https:\/\/pelsofish.hu\/de\/wp-json\/wp\/v2\/pages\/318\/revisions\/601"}],"wp:attachment":[{"href":"https:\/\/pelsofish.hu\/de\/wp-json\/wp\/v2\/media?parent=318"}],"curies":[{"name":"wp","href":"https:\/\/api.w.org\/{rel}","templated":true}]}}