{"id":321,"date":"2023-07-19T06:29:26","date_gmt":"2023-07-19T06:29:26","guid":{"rendered":"https:\/\/pelsofish.hu\/fooldal\/"},"modified":"2023-10-26T06:40:46","modified_gmt":"2023-10-26T06:40:46","slug":"hauptseite","status":"publish","type":"page","link":"https:\/\/pelsofish.hu\/de\/","title":{"rendered":"Hauptseite"},"content":{"rendered":"<div id='a-gyar-felepitese'  class='avia-fullwidth-slider main_color avia-shadow   avia-builder-el-0  el_before_av_slideshow_full  avia-builder-el-first   container_wrap fullsize'  >\n<style type=\"text\/css\" data-created_by=\"avia_inline_auto\" id=\"style-css-av-1rkfny-cf0bf5642437e8639eb7176495033e6d\">\n#top #wrap_all .avia-slideshow .av-slideshow-caption.av-1rkfny-cf0bf5642437e8639eb7176495033e6d__0 .avia-caption-title{\ncolor:#ffffff;\n}\n#top .avia-slideshow .av-slideshow-caption.av-1rkfny-cf0bf5642437e8639eb7176495033e6d__0 .avia-caption-content{\ncolor:#ffffff;\n}\n<\/style>\n<div  class='avia-slideshow av-1rkfny-cf0bf5642437e8639eb7176495033e6d avia-slideshow-no scaling av_slideshow_full avia-slide-slider av-slideshow-ui av-control-hidden av-no-slider-navigation av-hide-nav-arrows av-slideshow-manual av-loop-once av-loop-manual-endless av-default-height-applied   avia-slideshow-1' data-slideshow-options=\"{&quot;animation&quot;:&quot;slide&quot;,&quot;autoplay&quot;:false,&quot;loop_autoplay&quot;:&quot;once&quot;,&quot;interval&quot;:5,&quot;loop_manual&quot;:&quot;manual-endless&quot;,&quot;autoplay_stopper&quot;:false,&quot;noNavigation&quot;:true,&quot;bg_slider&quot;:false,&quot;keep_padding&quot;:false,&quot;hoverpause&quot;:false,&quot;show_slide_delay&quot;:0}\"  itemprop=\"image\" itemscope=\"itemscope\" itemtype=\"https:\/\/schema.org\/ImageObject\" ><ul class='avia-slideshow-inner ' style='padding-bottom: 66.69921875%;'><li  class='avia-slideshow-slide av-1rkfny-cf0bf5642437e8639eb7176495033e6d__0  av-single-slide slide-1 slide-odd'><div data-rel='slideshow-1' class='avia-slide-wrap '   ><div class='av-slideshow-caption av-1rkfny-cf0bf5642437e8639eb7176495033e6d__0 caption_fullwidth caption_bottom'><div class=\"container caption_container\"><div class=\"slideshow_caption\"><div class=\"slideshow_inner_caption\"><div class=\"slideshow_align_caption\"><h2 class='avia-caption-title '  itemprop=\"name\" >DIE STRUKTUR DER FABRIK<\/h2><div class='avia-caption-content av_inherit_color'  itemprop=\"description\" ><p>Der Aufbau der Aufzucht- und Verarbeitungsanlage von Pelso Fish Kft., eine Beschreibung des eigens daf\u00fcr errichteten Wassersystems und ein Einblick in den allgemeinen Betrieb der Anlage.<\/p>\n<\/div><a href='https:\/\/pelsofish.hu\/de\/die-struktur-der-fabrik\/'  class='avia-slideshow-button avia-button avia-color-theme-color ' data-duration='800' data-easing='easeInOutQuad'>Mehr Informationen<\/a><\/div><\/div><\/div><\/div><\/div><img decoding=\"async\" class=\"wp-image-502 avia-img-lazy-loading-not-502\"  src=\"https:\/\/pelsofish.hu\/wp-content\/uploads\/2023\/10\/Component-5.jpg\" width=\"2048\" height=\"1366\" title='Component 5' alt=''  itemprop=\"thumbnailUrl\" srcset=\"https:\/\/pelsofish.hu\/wp-content\/uploads\/2023\/10\/Component-5.jpg 2048w, https:\/\/pelsofish.hu\/wp-content\/uploads\/2023\/10\/Component-5-300x200.jpg 300w, https:\/\/pelsofish.hu\/wp-content\/uploads\/2023\/10\/Component-5-1030x687.jpg 1030w, https:\/\/pelsofish.hu\/wp-content\/uploads\/2023\/10\/Component-5-768x512.jpg 768w, https:\/\/pelsofish.hu\/wp-content\/uploads\/2023\/10\/Component-5-1536x1025.jpg 1536w, https:\/\/pelsofish.hu\/wp-content\/uploads\/2023\/10\/Component-5-1500x1000.jpg 1500w, https:\/\/pelsofish.hu\/wp-content\/uploads\/2023\/10\/Component-5-705x470.jpg 705w\" sizes=\"(max-width: 2048px) 100vw, 2048px\" \/><\/div><\/li><\/ul><\/div><\/div>\n<div id='neveles'  class='avia-fullwidth-slider main_color avia-shadow   avia-builder-el-1  el_after_av_slideshow_full  el_before_av_slideshow_full   slider-not-first container_wrap fullsize'  >\n<style type=\"text\/css\" data-created_by=\"avia_inline_auto\" id=\"style-css-av-1gl0bq-309658d970ab743d9c9959e95007160b\">\n#top #wrap_all .avia-slideshow .av-slideshow-caption.av-1gl0bq-309658d970ab743d9c9959e95007160b__0 .avia-caption-title{\ncolor:#ffffff;\n}\n#top .avia-slideshow .av-slideshow-caption.av-1gl0bq-309658d970ab743d9c9959e95007160b__0 .avia-caption-content{\ncolor:#ffffff;\n}\n<\/style>\n<div  class='avia-slideshow av-1gl0bq-309658d970ab743d9c9959e95007160b avia-slideshow-no scaling av_slideshow_full avia-slide-slider av-slideshow-ui av-control-hidden av-no-slider-navigation av-hide-nav-arrows av-slideshow-manual av-loop-once av-loop-manual-endless av-default-height-applied   avia-slideshow-2' data-slideshow-options=\"{&quot;animation&quot;:&quot;slide&quot;,&quot;autoplay&quot;:false,&quot;loop_autoplay&quot;:&quot;once&quot;,&quot;interval&quot;:5,&quot;loop_manual&quot;:&quot;manual-endless&quot;,&quot;autoplay_stopper&quot;:false,&quot;noNavigation&quot;:true,&quot;bg_slider&quot;:false,&quot;keep_padding&quot;:false,&quot;hoverpause&quot;:false,&quot;show_slide_delay&quot;:0}\"  itemprop=\"image\" itemscope=\"itemscope\" itemtype=\"https:\/\/schema.org\/ImageObject\" ><ul class='avia-slideshow-inner ' style='padding-bottom: 66.69921875%;'><li  class='avia-slideshow-slide av-1gl0bq-309658d970ab743d9c9959e95007160b__0  av-single-slide slide-1 slide-odd'><div data-rel='slideshow-2' class='avia-slide-wrap '   ><div class='av-slideshow-caption av-1gl0bq-309658d970ab743d9c9959e95007160b__0 caption_fullwidth caption_bottom'><div class=\"container caption_container\"><div class=\"slideshow_caption\"><div class=\"slideshow_inner_caption\"><div class=\"slideshow_align_caption\"><h2 class='avia-caption-title '  itemprop=\"name\" >FISHZUCHT<\/h2><div class='avia-caption-content av_inherit_color'  itemprop=\"description\" ><p>Wie sieht die Lebensgeschichte von k\u00fcnstlich gez\u00fcchteten Afrikanischen Welsen aus? Wovon ern\u00e4hren sich die Fische? Wie werden sie ausgewachsen, und wie lange dauert es, bis sie ausgewachsen sind?<\/p>\n<\/div><a href='https:\/\/pelsofish.hu\/de\/fischzucht\/'  class='avia-slideshow-button avia-button avia-color-theme-color ' data-duration='800' data-easing='easeInOutQuad'>Mehr Informationen<\/a><\/div><\/div><\/div><\/div><\/div><img decoding=\"async\" class=\"wp-image-505 avia-img-lazy-loading-not-505\"  src=\"https:\/\/pelsofish.hu\/wp-content\/uploads\/2023\/10\/Component-gr.jpg\" width=\"2048\" height=\"1366\" title='Component gr' alt=''  itemprop=\"thumbnailUrl\" srcset=\"https:\/\/pelsofish.hu\/wp-content\/uploads\/2023\/10\/Component-gr.jpg 2048w, https:\/\/pelsofish.hu\/wp-content\/uploads\/2023\/10\/Component-gr-300x200.jpg 300w, https:\/\/pelsofish.hu\/wp-content\/uploads\/2023\/10\/Component-gr-1030x687.jpg 1030w, https:\/\/pelsofish.hu\/wp-content\/uploads\/2023\/10\/Component-gr-768x512.jpg 768w, https:\/\/pelsofish.hu\/wp-content\/uploads\/2023\/10\/Component-gr-1536x1025.jpg 1536w, https:\/\/pelsofish.hu\/wp-content\/uploads\/2023\/10\/Component-gr-1500x1000.jpg 1500w, https:\/\/pelsofish.hu\/wp-content\/uploads\/2023\/10\/Component-gr-705x470.jpg 705w\" sizes=\"(max-width: 2048px) 100vw, 2048px\" \/><\/div><\/li><\/ul><\/div><\/div>\n<div id='feldolgozouzem-mukodese'  class='avia-fullwidth-slider main_color avia-shadow   avia-builder-el-2  el_after_av_slideshow_full  el_before_av_slideshow_full   slider-not-first container_wrap fullsize'  >\n<style type=\"text\/css\" data-created_by=\"avia_inline_auto\" id=\"style-css-av-149og6-090fba7b494cba166ef667737283d175\">\n#top #wrap_all .avia-slideshow .av-slideshow-caption.av-149og6-090fba7b494cba166ef667737283d175__0 .avia-caption-title{\ncolor:#ffffff;\n}\n#top .avia-slideshow .av-slideshow-caption.av-149og6-090fba7b494cba166ef667737283d175__0 .avia-caption-content{\ncolor:#ffffff;\n}\n<\/style>\n<div  class='avia-slideshow av-149og6-090fba7b494cba166ef667737283d175 avia-slideshow-no scaling av_slideshow_full avia-slide-slider av-slideshow-ui av-control-hidden av-no-slider-navigation av-hide-nav-arrows av-slideshow-manual av-loop-once av-loop-manual-endless av-default-height-applied   avia-slideshow-3' data-slideshow-options=\"{&quot;animation&quot;:&quot;slide&quot;,&quot;autoplay&quot;:false,&quot;loop_autoplay&quot;:&quot;once&quot;,&quot;interval&quot;:5,&quot;loop_manual&quot;:&quot;manual-endless&quot;,&quot;autoplay_stopper&quot;:false,&quot;noNavigation&quot;:true,&quot;bg_slider&quot;:false,&quot;keep_padding&quot;:false,&quot;hoverpause&quot;:false,&quot;show_slide_delay&quot;:0}\"  itemprop=\"image\" itemscope=\"itemscope\" itemtype=\"https:\/\/schema.org\/ImageObject\" ><ul class='avia-slideshow-inner ' style='padding-bottom: 66.69921875%;'><li  class='avia-slideshow-slide av-149og6-090fba7b494cba166ef667737283d175__0  av-single-slide slide-1 slide-odd'><div data-rel='slideshow-3' class='avia-slide-wrap '   ><div class='av-slideshow-caption av-149og6-090fba7b494cba166ef667737283d175__0 caption_fullwidth caption_bottom'><div class=\"container caption_container\"><div class=\"slideshow_caption\"><div class=\"slideshow_inner_caption\"><div class=\"slideshow_align_caption\"><h2 class='avia-caption-title '  itemprop=\"name\" >BETRIEB DES VERARBEITUNGSBETRIEBS<\/h2><div class='avia-caption-content av_inherit_color'  itemprop=\"description\" ><p>Wie hoch ist der Anteil an verarbeitetem Fisch in den Endprodukten der Produktionsanlage? Wie funktioniert der Prozess, wie kommt er auf unseren Tisch? Was sind unsere alternativen Verwendungsm\u00f6glichkeiten?<\/p>\n<\/div><a href='https:\/\/pelsofish.hu\/de\/betrieb-der-verarbeitingbetriebs\/'  class='avia-slideshow-button avia-button avia-color-theme-color ' data-duration='800' data-easing='easeInOutQuad'>Mehr informationen<\/a><\/div><\/div><\/div><\/div><\/div><img decoding=\"async\" class=\"wp-image-508 avia-img-lazy-loading-not-508\"  src=\"https:\/\/pelsofish.hu\/wp-content\/uploads\/2023\/10\/feldolgozo-1.jpg\" width=\"2048\" height=\"1366\" title='feldolgoz\u00f3' alt=''  itemprop=\"thumbnailUrl\" srcset=\"https:\/\/pelsofish.hu\/wp-content\/uploads\/2023\/10\/feldolgozo-1.jpg 2048w, https:\/\/pelsofish.hu\/wp-content\/uploads\/2023\/10\/feldolgozo-1-300x200.jpg 300w, https:\/\/pelsofish.hu\/wp-content\/uploads\/2023\/10\/feldolgozo-1-1030x687.jpg 1030w, https:\/\/pelsofish.hu\/wp-content\/uploads\/2023\/10\/feldolgozo-1-768x512.jpg 768w, https:\/\/pelsofish.hu\/wp-content\/uploads\/2023\/10\/feldolgozo-1-1536x1025.jpg 1536w, https:\/\/pelsofish.hu\/wp-content\/uploads\/2023\/10\/feldolgozo-1-1500x1000.jpg 1500w, https:\/\/pelsofish.hu\/wp-content\/uploads\/2023\/10\/feldolgozo-1-705x470.jpg 705w\" sizes=\"(max-width: 2048px) 100vw, 2048px\" \/><\/div><\/li><\/ul><\/div><\/div>\n<div id='palyazatok'  class='avia-fullwidth-slider main_color avia-shadow   avia-builder-el-3  el_after_av_slideshow_full  el_before_av_slideshow_full   slider-not-first container_wrap fullsize'  >\n<style type=\"text\/css\" data-created_by=\"avia_inline_auto\" id=\"style-css-av-sw4me-eb3778dd7096605a11a7d03a0c7fdf2d\">\n#top #wrap_all .avia-slideshow .av-slideshow-caption.av-sw4me-eb3778dd7096605a11a7d03a0c7fdf2d__0 .avia-caption-title{\ncolor:#ffffff;\n}\n#top .avia-slideshow .av-slideshow-caption.av-sw4me-eb3778dd7096605a11a7d03a0c7fdf2d__0 .avia-caption-content{\ncolor:#ffffff;\n}\n<\/style>\n<div  class='avia-slideshow av-sw4me-eb3778dd7096605a11a7d03a0c7fdf2d avia-slideshow-no scaling av_slideshow_full avia-slide-slider av-slideshow-ui av-control-hidden av-no-slider-navigation av-hide-nav-arrows av-slideshow-manual av-loop-once av-loop-manual-endless av-default-height-applied   avia-slideshow-4' data-slideshow-options=\"{&quot;animation&quot;:&quot;slide&quot;,&quot;autoplay&quot;:false,&quot;loop_autoplay&quot;:&quot;once&quot;,&quot;interval&quot;:5,&quot;loop_manual&quot;:&quot;manual-endless&quot;,&quot;autoplay_stopper&quot;:false,&quot;noNavigation&quot;:true,&quot;bg_slider&quot;:false,&quot;keep_padding&quot;:false,&quot;hoverpause&quot;:false,&quot;show_slide_delay&quot;:0}\"  itemprop=\"image\" itemscope=\"itemscope\" itemtype=\"https:\/\/schema.org\/ImageObject\" ><ul class='avia-slideshow-inner ' style='padding-bottom: 66.69921875%;'><li  class='avia-slideshow-slide av-sw4me-eb3778dd7096605a11a7d03a0c7fdf2d__0  av-single-slide slide-1 slide-odd'><div data-rel='slideshow-4' class='avia-slide-wrap '   ><div class='av-slideshow-caption av-sw4me-eb3778dd7096605a11a7d03a0c7fdf2d__0 caption_fullwidth caption_bottom'><div class=\"container caption_container\"><div class=\"slideshow_caption\"><div class=\"slideshow_inner_caption\"><div class=\"slideshow_align_caption\"><h2 class='avia-caption-title '  itemprop=\"name\" >AUSSCHREIBUNG<\/h2><div class='avia-caption-content av_inherit_color'  itemprop=\"description\" ><p>Die Liste unserer Bewerbungen und der bei uns eingegangenen Bewerbungen finden Sie unter der Schaltfl\u00e4che &#8222;Mehr Informationen&#8220;.<\/p>\n<\/div><a href='https:\/\/pelsofish.hu\/de\/ausschreibung\/'  class='avia-slideshow-button avia-button avia-color-theme-color ' data-duration='800' data-easing='easeInOutQuad'>Mehr Informationen<\/a><\/div><\/div><\/div><\/div><\/div><img decoding=\"async\" class=\"wp-image-511 avia-img-lazy-loading-not-511\"  src=\"https:\/\/pelsofish.hu\/wp-content\/uploads\/2023\/10\/palyazatook-1.jpg\" width=\"2048\" height=\"1366\" title='p\u00e1ly\u00e1zatook' alt=''  itemprop=\"thumbnailUrl\" srcset=\"https:\/\/pelsofish.hu\/wp-content\/uploads\/2023\/10\/palyazatook-1.jpg 2048w, https:\/\/pelsofish.hu\/wp-content\/uploads\/2023\/10\/palyazatook-1-300x200.jpg 300w, https:\/\/pelsofish.hu\/wp-content\/uploads\/2023\/10\/palyazatook-1-1030x687.jpg 1030w, https:\/\/pelsofish.hu\/wp-content\/uploads\/2023\/10\/palyazatook-1-768x512.jpg 768w, https:\/\/pelsofish.hu\/wp-content\/uploads\/2023\/10\/palyazatook-1-1536x1025.jpg 1536w, https:\/\/pelsofish.hu\/wp-content\/uploads\/2023\/10\/palyazatook-1-1500x1000.jpg 1500w, https:\/\/pelsofish.hu\/wp-content\/uploads\/2023\/10\/palyazatook-1-705x470.jpg 705w\" sizes=\"(max-width: 2048px) 100vw, 2048px\" \/><\/div><\/li><\/ul><\/div><\/div>\n<div id='galeria'  class='avia-fullwidth-slider main_color avia-shadow   avia-builder-el-4  el_after_av_slideshow_full  avia-builder-el-last   slider-not-first container_wrap fullsize'  >\n<style type=\"text\/css\" data-created_by=\"avia_inline_auto\" id=\"style-css-av-ds0nq-607e532d967c8dacc59dc29117de420b\">\n#top #wrap_all .avia-slideshow .av-slideshow-caption.av-ds0nq-607e532d967c8dacc59dc29117de420b__0 .avia-caption-title{\ncolor:#ffffff;\n}\n#top .avia-slideshow .av-slideshow-caption.av-ds0nq-607e532d967c8dacc59dc29117de420b__0 .avia-caption-content{\ncolor:#ffffff;\n}\n<\/style>\n<div  class='avia-slideshow av-ds0nq-607e532d967c8dacc59dc29117de420b avia-slideshow-no scaling av_slideshow_full avia-slide-slider av-slideshow-ui av-control-hidden av-no-slider-navigation av-hide-nav-arrows av-slideshow-manual av-loop-once av-loop-manual-endless av-default-height-applied   avia-slideshow-5' data-slideshow-options=\"{&quot;animation&quot;:&quot;slide&quot;,&quot;autoplay&quot;:false,&quot;loop_autoplay&quot;:&quot;once&quot;,&quot;interval&quot;:5,&quot;loop_manual&quot;:&quot;manual-endless&quot;,&quot;autoplay_stopper&quot;:false,&quot;noNavigation&quot;:true,&quot;bg_slider&quot;:false,&quot;keep_padding&quot;:false,&quot;hoverpause&quot;:false,&quot;show_slide_delay&quot;:0}\"  itemprop=\"image\" itemscope=\"itemscope\" itemtype=\"https:\/\/schema.org\/ImageObject\" ><ul class='avia-slideshow-inner ' style='padding-bottom: 66.69921875%;'><li  class='avia-slideshow-slide av-ds0nq-607e532d967c8dacc59dc29117de420b__0  av-single-slide slide-1 slide-odd'><div data-rel='slideshow-5' class='avia-slide-wrap '   ><div class='av-slideshow-caption av-ds0nq-607e532d967c8dacc59dc29117de420b__0 caption_fullwidth caption_bottom'><div class=\"container caption_container\"><div class=\"slideshow_caption\"><div class=\"slideshow_inner_caption\"><div class=\"slideshow_align_caption\"><h2 class='avia-caption-title '  itemprop=\"name\" >GALERIE<\/h2><div class='avia-caption-content av_inherit_color'  itemprop=\"description\" ><p>Eine Sammlung von Schnappsch\u00fcssen aus dem Leben in der Fischzucht Pelso Fish Zrt. Sie k\u00f6nnen einen visuellen Einblick in den Betrieb der Verarbeitungsanlage und die kleineren und gr\u00f6\u00dferen Schritte des Prozesses erhalten.<\/p>\n<\/div><a href='https:\/\/pelsofish.hu\/de\/galerie\/'  class='avia-slideshow-button avia-button avia-color-theme-color ' data-duration='800' data-easing='easeInOutQuad'>Weiter zur Galerie<\/a><\/div><\/div><\/div><\/div><\/div><img decoding=\"async\" class=\"wp-image-548 avia-img-lazy-loading-not-548\"  src=\"https:\/\/pelsofish.hu\/wp-content\/uploads\/2023\/10\/galeria.jpg\" width=\"2048\" height=\"1366\" title='gal\u00e9ria' alt=''  itemprop=\"thumbnailUrl\" srcset=\"https:\/\/pelsofish.hu\/wp-content\/uploads\/2023\/10\/galeria.jpg 2048w, https:\/\/pelsofish.hu\/wp-content\/uploads\/2023\/10\/galeria-300x200.jpg 300w, https:\/\/pelsofish.hu\/wp-content\/uploads\/2023\/10\/galeria-1030x687.jpg 1030w, https:\/\/pelsofish.hu\/wp-content\/uploads\/2023\/10\/galeria-768x512.jpg 768w, https:\/\/pelsofish.hu\/wp-content\/uploads\/2023\/10\/galeria-1536x1025.jpg 1536w, https:\/\/pelsofish.hu\/wp-content\/uploads\/2023\/10\/galeria-1500x1000.jpg 1500w, https:\/\/pelsofish.hu\/wp-content\/uploads\/2023\/10\/galeria-705x470.jpg 705w\" sizes=\"(max-width: 2048px) 100vw, 2048px\" \/><\/div><\/li><\/ul><\/div><\/div>\n","protected":false},"excerpt":{"rendered":"","protected":false},"author":1,"featured_media":0,"parent":0,"menu_order":0,"comment_status":"closed","ping_status":"closed","template":"","meta":{"inline_featured_image":false,"footnotes":""},"class_list":["post-321","page","type-page","status-publish","hentry"],"yoast_head":"<!-- This site is optimized with the Yoast SEO plugin v19.11 - https:\/\/yoast.com\/wordpress\/plugins\/seo\/ -->\n<title>Hauptseite - Pelso Fish Zrt.<\/title>\n<meta name=\"robots\" content=\"index, follow, max-snippet:-1, max-image-preview:large, max-video-preview:-1\" \/>\n<link rel=\"canonical\" href=\"https:\/\/pelsofish.hu\/de\/hauptseite\/\" \/>\n<meta property=\"og:locale\" content=\"de_DE\" \/>\n<meta property=\"og:type\" content=\"article\" \/>\n<meta property=\"og:title\" content=\"Hauptseite - Pelso Fish Zrt.\" \/>\n<meta property=\"og:url\" content=\"https:\/\/pelsofish.hu\/de\/hauptseite\/\" \/>\n<meta property=\"og:site_name\" content=\"Pelso Fish Zrt.\" \/>\n<meta property=\"article:modified_time\" content=\"2023-10-26T06:40:46+00:00\" \/>\n<meta name=\"twitter:card\" content=\"summary_large_image\" \/>\n<meta name=\"twitter:label1\" content=\"Gesch\u00e4tzte Lesezeit\" \/>\n\t<meta name=\"twitter:data1\" content=\"7\u00a0Minuten\" \/>\n<script type=\"application\/ld+json\" class=\"yoast-schema-graph\">{\"@context\":\"https:\/\/schema.org\",\"@graph\":[{\"@type\":\"WebPage\",\"@id\":\"https:\/\/pelsofish.hu\/de\/hauptseite\/\",\"url\":\"https:\/\/pelsofish.hu\/de\/hauptseite\/\",\"name\":\"Hauptseite - Pelso Fish Zrt.\",\"isPartOf\":{\"@id\":\"https:\/\/pelsofish.hu\/#website\"},\"datePublished\":\"2023-07-19T06:29:26+00:00\",\"dateModified\":\"2023-10-26T06:40:46+00:00\",\"breadcrumb\":{\"@id\":\"https:\/\/pelsofish.hu\/de\/hauptseite\/#breadcrumb\"},\"inLanguage\":\"de\",\"potentialAction\":[{\"@type\":\"ReadAction\",\"target\":[\"https:\/\/pelsofish.hu\/de\/hauptseite\/\"]}]},{\"@type\":\"BreadcrumbList\",\"@id\":\"https:\/\/pelsofish.hu\/de\/hauptseite\/#breadcrumb\",\"itemListElement\":[{\"@type\":\"ListItem\",\"position\":1,\"name\":\"Kezd\u0151lap\",\"item\":\"https:\/\/pelsofish.hu\/de\/hauptseite\/\"},{\"@type\":\"ListItem\",\"position\":2,\"name\":\"Hauptseite\"}]},{\"@type\":\"WebSite\",\"@id\":\"https:\/\/pelsofish.hu\/#website\",\"url\":\"https:\/\/pelsofish.hu\/\",\"name\":\"Pelso Fish Zrt.\",\"description\":\"Halfeldolgoz\u00f3 \u00fczem\",\"potentialAction\":[{\"@type\":\"SearchAction\",\"target\":{\"@type\":\"EntryPoint\",\"urlTemplate\":\"https:\/\/pelsofish.hu\/?s={search_term_string}\"},\"query-input\":\"required name=search_term_string\"}],\"inLanguage\":\"de\"}]}<\/script>\n<!-- \/ Yoast SEO plugin. -->","yoast_head_json":{"title":"Hauptseite - Pelso Fish Zrt.","robots":{"index":"index","follow":"follow","max-snippet":"max-snippet:-1","max-image-preview":"max-image-preview:large","max-video-preview":"max-video-preview:-1"},"canonical":"https:\/\/pelsofish.hu\/de\/hauptseite\/","og_locale":"de_DE","og_type":"article","og_title":"Hauptseite - Pelso Fish Zrt.","og_url":"https:\/\/pelsofish.hu\/de\/hauptseite\/","og_site_name":"Pelso Fish Zrt.","article_modified_time":"2023-10-26T06:40:46+00:00","twitter_card":"summary_large_image","twitter_misc":{"Gesch\u00e4tzte Lesezeit":"7\u00a0Minuten"},"schema":{"@context":"https:\/\/schema.org","@graph":[{"@type":"WebPage","@id":"https:\/\/pelsofish.hu\/de\/hauptseite\/","url":"https:\/\/pelsofish.hu\/de\/hauptseite\/","name":"Hauptseite - Pelso Fish Zrt.","isPartOf":{"@id":"https:\/\/pelsofish.hu\/#website"},"datePublished":"2023-07-19T06:29:26+00:00","dateModified":"2023-10-26T06:40:46+00:00","breadcrumb":{"@id":"https:\/\/pelsofish.hu\/de\/hauptseite\/#breadcrumb"},"inLanguage":"de","potentialAction":[{"@type":"ReadAction","target":["https:\/\/pelsofish.hu\/de\/hauptseite\/"]}]},{"@type":"BreadcrumbList","@id":"https:\/\/pelsofish.hu\/de\/hauptseite\/#breadcrumb","itemListElement":[{"@type":"ListItem","position":1,"name":"Kezd\u0151lap","item":"https:\/\/pelsofish.hu\/de\/hauptseite\/"},{"@type":"ListItem","position":2,"name":"Hauptseite"}]},{"@type":"WebSite","@id":"https:\/\/pelsofish.hu\/#website","url":"https:\/\/pelsofish.hu\/","name":"Pelso Fish Zrt.","description":"Halfeldolgoz\u00f3 \u00fczem","potentialAction":[{"@type":"SearchAction","target":{"@type":"EntryPoint","urlTemplate":"https:\/\/pelsofish.hu\/?s={search_term_string}"},"query-input":"required name=search_term_string"}],"inLanguage":"de"}]}},"_links":{"self":[{"href":"https:\/\/pelsofish.hu\/de\/wp-json\/wp\/v2\/pages\/321","targetHints":{"allow":["GET"]}}],"collection":[{"href":"https:\/\/pelsofish.hu\/de\/wp-json\/wp\/v2\/pages"}],"about":[{"href":"https:\/\/pelsofish.hu\/de\/wp-json\/wp\/v2\/types\/page"}],"author":[{"embeddable":true,"href":"https:\/\/pelsofish.hu\/de\/wp-json\/wp\/v2\/users\/1"}],"replies":[{"embeddable":true,"href":"https:\/\/pelsofish.hu\/de\/wp-json\/wp\/v2\/comments?post=321"}],"version-history":[{"count":8,"href":"https:\/\/pelsofish.hu\/de\/wp-json\/wp\/v2\/pages\/321\/revisions"}],"predecessor-version":[{"id":551,"href":"https:\/\/pelsofish.hu\/de\/wp-json\/wp\/v2\/pages\/321\/revisions\/551"}],"wp:attachment":[{"href":"https:\/\/pelsofish.hu\/de\/wp-json\/wp\/v2\/media?parent=321"}],"curies":[{"name":"wp","href":"https:\/\/api.w.org\/{rel}","templated":true}]}}